{"id":498,"date":"2024-09-04T13:39:26","date_gmt":"2024-09-04T11:39:26","guid":{"rendered":"http:\/\/localhost\/toby-wallet\/?page_id=498"},"modified":"2024-09-09T14:49:04","modified_gmt":"2024-09-09T12:49:04","slug":"blog","status":"publish","type":"page","link":"https:\/\/tobywallet.fr\/en\/blog\/","title":{"rendered":"Blog"},"content":{"rendered":"<div data-elementor-type=\"wp-page\" data-elementor-id=\"498\" class=\"elementor elementor-498\" data-elementor-post-type=\"page\">\n\t\t\t\t<div class=\"elementor-element elementor-element-58fbafd e-flex e-con-boxed wpr-particle-no wpr-jarallax-no wpr-parallax-no wpr-sticky-section-no e-con e-parent\" data-id=\"58fbafd\" data-element_type=\"container\">\n\t\t\t\t\t<div class=\"e-con-inner\">\n\t\t<div class=\"elementor-element elementor-element-d9a6a33 e-con-full e-flex wpr-particle-no wpr-jarallax-no wpr-parallax-no wpr-sticky-section-no e-con e-child\" data-id=\"d9a6a33\" data-element_type=\"container\">\n\t\t\t\t<div class=\"elementor-element elementor-element-d1c2faa elementor-widget elementor-widget-heading\" data-id=\"d1c2faa\" data-element_type=\"widget\" data-widget_type=\"heading.default\">\n\t\t\t\t<div class=\"elementor-widget-container\">\n\t\t\t\t\t<h2 class=\"elementor-heading-title elementor-size-default\">Blog<\/h2>\t\t\t\t<\/div>\n\t\t\t\t<\/div>\n\t\t\t\t<div class=\"elementor-element elementor-element-afa0f54 elementor-widget elementor-widget-text-editor\" data-id=\"afa0f54\" data-element_type=\"widget\" data-widget_type=\"text-editor.default\">\n\t\t\t\t<div class=\"elementor-widget-container\">\n\t\t\t\t\t\t\t\t\tGot a question or just want to say hello?\n We\u2019d love to hear from you.\t\t\t\t\t\t\t\t<\/div>\n\t\t\t\t<\/div>\n\t\t\t\t<\/div>\n\t\t<div class=\"elementor-element elementor-element-d8d10d4 e-con-full e-flex wpr-particle-no wpr-jarallax-no wpr-parallax-no wpr-sticky-section-no e-con e-child\" data-id=\"d8d10d4\" data-element_type=\"container\">\n\t\t\t\t<\/div>\n\t\t\t\t\t<\/div>\n\t\t\t\t<\/div>\n\t\t<div class=\"elementor-element elementor-element-52ab944 e-flex e-con-boxed wpr-particle-no wpr-jarallax-no wpr-parallax-no wpr-sticky-section-no e-con e-parent\" data-id=\"52ab944\" data-element_type=\"container\">\n\t\t\t\t\t<div class=\"e-con-inner\">\n\t\t<div class=\"elementor-element elementor-element-634bade e-con-full e-flex wpr-particle-no wpr-jarallax-no wpr-parallax-no wpr-sticky-section-no e-con e-child\" data-id=\"634bade\" data-element_type=\"container\">\n\t\t\t\t<div class=\"elementor-element elementor-element-1774289 elementor-grid-2 elementor-grid-tablet-2 elementor-grid-mobile-1 elementor-posts--thumbnail-top elementor-widget elementor-widget-posts\" data-id=\"1774289\" data-element_type=\"widget\" data-settings=\"{&quot;classic_columns&quot;:&quot;2&quot;,&quot;classic_columns_tablet&quot;:&quot;2&quot;,&quot;classic_columns_mobile&quot;:&quot;1&quot;,&quot;classic_row_gap&quot;:{&quot;unit&quot;:&quot;px&quot;,&quot;size&quot;:35,&quot;sizes&quot;:[]},&quot;classic_row_gap_widescreen&quot;:{&quot;unit&quot;:&quot;px&quot;,&quot;size&quot;:&quot;&quot;,&quot;sizes&quot;:[]},&quot;classic_row_gap_laptop&quot;:{&quot;unit&quot;:&quot;px&quot;,&quot;size&quot;:&quot;&quot;,&quot;sizes&quot;:[]},&quot;classic_row_gap_tablet_extra&quot;:{&quot;unit&quot;:&quot;px&quot;,&quot;size&quot;:&quot;&quot;,&quot;sizes&quot;:[]},&quot;classic_row_gap_tablet&quot;:{&quot;unit&quot;:&quot;px&quot;,&quot;size&quot;:&quot;&quot;,&quot;sizes&quot;:[]},&quot;classic_row_gap_mobile_extra&quot;:{&quot;unit&quot;:&quot;px&quot;,&quot;size&quot;:&quot;&quot;,&quot;sizes&quot;:[]},&quot;classic_row_gap_mobile&quot;:{&quot;unit&quot;:&quot;px&quot;,&quot;size&quot;:&quot;&quot;,&quot;sizes&quot;:[]}}\" data-widget_type=\"posts.classic\">\n\t\t\t\t<div class=\"elementor-widget-container\">\n\t\t\t\t\t\t\t<div class=\"elementor-posts-container elementor-posts elementor-posts--skin-classic elementor-grid\">\n\t\t\t\t<article class=\"elementor-post elementor-grid-item post-1519 post type-post status-publish format-standard has-post-thumbnail hentry category-toby-wallet\">\n\t\t\t\t<a class=\"elementor-post__thumbnail__link\" href=\"https:\/\/tobywallet.fr\/en\/les-idees-recues-sur-les-mobile-wallet\/\" tabindex=\"-1\" >\n\t\t\t<div class=\"elementor-post__thumbnail\"><img loading=\"lazy\" decoding=\"async\" width=\"542\" height=\"375\" src=\"https:\/\/tobywallet.fr\/wp-content\/uploads\/2024\/09\/Exemples-de-commerces.png\" class=\"attachment-full size-full wp-image-2012\" alt=\"\" srcset=\"https:\/\/tobywallet.fr\/wp-content\/uploads\/2024\/09\/Exemples-de-commerces.png 542w, https:\/\/tobywallet.fr\/wp-content\/uploads\/2024\/09\/Exemples-de-commerces-300x208.png 300w\" sizes=\"auto, (max-width: 542px) 100vw, 542px\" \/><\/div>\n\t\t<\/a>\n\t\t\t\t<div class=\"elementor-post__text\">\n\t\t\t\t<h3 class=\"elementor-post__title\">\n\t\t\t<a href=\"https:\/\/tobywallet.fr\/en\/les-idees-recues-sur-les-mobile-wallet\/\" >\n\t\t\t\tComment Toby Wallet Transforme l&rsquo;Exp\u00e9rience Client : Exemples Concrets de Commerces\t\t\t<\/a>\n\t\t<\/h3>\n\t\t\t\t<div class=\"elementor-post__meta-data\">\n\t\t\t\t\t<span class=\"elementor-post-date\">\n\t\t\tSeptember 9, 2024\t\t<\/span>\n\t\t\t\t<\/div>\n\t\t\t\t<div class=\"elementor-post__excerpt\">\n\t\t\t<p>Dans un monde de plus en plus num\u00e9rique, les attentes des clients \u00e9voluent rapidement. Pour r\u00e9pondre \u00e0 ces attentes, les commer\u00e7ants doivent innover et adopter<\/p>\n\t\t<\/div>\n\t\t\t\t<\/div>\n\t\t\t\t<\/article>\n\t\t\t\t<article class=\"elementor-post elementor-grid-item post-1517 post type-post status-publish format-standard has-post-thumbnail hentry category-toby-wallet\">\n\t\t\t\t<a class=\"elementor-post__thumbnail__link\" href=\"https:\/\/tobywallet.fr\/en\/client-ambassadeur-un-atout-non-negligeable-pour-votre-strategie-client\/\" tabindex=\"-1\" >\n\t\t\t<div class=\"elementor-post__thumbnail\"><img loading=\"lazy\" decoding=\"async\" width=\"542\" height=\"375\" src=\"https:\/\/tobywallet.fr\/wp-content\/uploads\/2024\/09\/Maximisez-vos-ventes.png\" class=\"attachment-full size-full wp-image-2011\" alt=\"\" srcset=\"https:\/\/tobywallet.fr\/wp-content\/uploads\/2024\/09\/Maximisez-vos-ventes.png 542w, https:\/\/tobywallet.fr\/wp-content\/uploads\/2024\/09\/Maximisez-vos-ventes-300x208.png 300w\" sizes=\"auto, (max-width: 542px) 100vw, 542px\" \/><\/div>\n\t\t<\/a>\n\t\t\t\t<div class=\"elementor-post__text\">\n\t\t\t\t<h3 class=\"elementor-post__title\">\n\t\t\t<a href=\"https:\/\/tobywallet.fr\/en\/client-ambassadeur-un-atout-non-negligeable-pour-votre-strategie-client\/\" >\n\t\t\t\tMaximisez vos Ventes avec un Programme de Fid\u00e9lit\u00e9 Personnalis\u00e9 : Le Cas de Toby Wallet\t\t\t<\/a>\n\t\t<\/h3>\n\t\t\t\t<div class=\"elementor-post__meta-data\">\n\t\t\t\t\t<span class=\"elementor-post-date\">\n\t\t\tSeptember 9, 2024\t\t<\/span>\n\t\t\t\t<\/div>\n\t\t\t\t<div class=\"elementor-post__excerpt\">\n\t\t\t<p>Dans un march\u00e9 o\u00f9 la fid\u00e9lit\u00e9 des clients est primordiale, un programme de fid\u00e9lit\u00e9 efficace peut faire toute la diff\u00e9rence. Toby Wallet offre une solution<\/p>\n\t\t<\/div>\n\t\t\t\t<\/div>\n\t\t\t\t<\/article>\n\t\t\t\t<article class=\"elementor-post elementor-grid-item post-1515 post type-post status-publish format-standard has-post-thumbnail hentry category-toby-wallet\">\n\t\t\t\t<a class=\"elementor-post__thumbnail__link\" href=\"https:\/\/tobywallet.fr\/en\/comment-proposer-une-experience-reussie-avec-le-wallet-mobile\/\" tabindex=\"-1\" >\n\t\t\t<div class=\"elementor-post__thumbnail\"><img loading=\"lazy\" decoding=\"async\" width=\"542\" height=\"375\" src=\"https:\/\/tobywallet.fr\/wp-content\/uploads\/2024\/09\/Les-Avantages-de-la-realite-augmante.png\" class=\"attachment-full size-full wp-image-2009\" alt=\"\" srcset=\"https:\/\/tobywallet.fr\/wp-content\/uploads\/2024\/09\/Les-Avantages-de-la-realite-augmante.png 542w, https:\/\/tobywallet.fr\/wp-content\/uploads\/2024\/09\/Les-Avantages-de-la-realite-augmante-300x208.png 300w\" sizes=\"auto, (max-width: 542px) 100vw, 542px\" \/><\/div>\n\t\t<\/a>\n\t\t\t\t<div class=\"elementor-post__text\">\n\t\t\t\t<h3 class=\"elementor-post__title\">\n\t\t\t<a href=\"https:\/\/tobywallet.fr\/en\/comment-proposer-une-experience-reussie-avec-le-wallet-mobile\/\" >\n\t\t\t\tLes Avantages de la R\u00e9alit\u00e9 Augment\u00e9e dans le Commerce : Comment Toby Wallet Int\u00e8gre cette Technologie\t\t\t<\/a>\n\t\t<\/h3>\n\t\t\t\t<div class=\"elementor-post__meta-data\">\n\t\t\t\t\t<span class=\"elementor-post-date\">\n\t\t\tSeptember 9, 2024\t\t<\/span>\n\t\t\t\t<\/div>\n\t\t\t\t<div class=\"elementor-post__excerpt\">\n\t\t\t<p>La r\u00e9alit\u00e9 augment\u00e9e (RA) n&rsquo;est plus un concept futuriste ; elle est d\u00e9sormais un outil puissant pour les commer\u00e7ants d\u00e9sireux d&rsquo;am\u00e9liorer l&rsquo;exp\u00e9rience d&rsquo;achat. Toby Wallet<\/p>\n\t\t<\/div>\n\t\t\t\t<\/div>\n\t\t\t\t<\/article>\n\t\t\t\t<article class=\"elementor-post elementor-grid-item post-1509 post type-post status-publish format-standard has-post-thumbnail hentry category-toby-wallet\">\n\t\t\t\t<a class=\"elementor-post__thumbnail__link\" href=\"https:\/\/tobywallet.fr\/en\/comment-et-pourquoi-digitaliser-sa-relation-client\/\" tabindex=\"-1\" >\n\t\t\t<div class=\"elementor-post__thumbnail\"><img loading=\"lazy\" decoding=\"async\" width=\"542\" height=\"375\" src=\"https:\/\/tobywallet.fr\/wp-content\/uploads\/2024\/09\/Groupe-de-masques-17.png\" class=\"attachment-full size-full wp-image-1126\" alt=\"\" srcset=\"https:\/\/tobywallet.fr\/wp-content\/uploads\/2024\/09\/Groupe-de-masques-17.png 542w, https:\/\/tobywallet.fr\/wp-content\/uploads\/2024\/09\/Groupe-de-masques-17-300x208.png 300w\" sizes=\"auto, (max-width: 542px) 100vw, 542px\" \/><\/div>\n\t\t<\/a>\n\t\t\t\t<div class=\"elementor-post__text\">\n\t\t\t\t<h3 class=\"elementor-post__title\">\n\t\t\t<a href=\"https:\/\/tobywallet.fr\/en\/comment-et-pourquoi-digitaliser-sa-relation-client\/\" >\n\t\t\t\tQu&rsquo;est-ce que Toby Wallet ? Votre Solution Innovante pour la Gestion Commerciale\t\t\t<\/a>\n\t\t<\/h3>\n\t\t\t\t<div class=\"elementor-post__meta-data\">\n\t\t\t\t\t<span class=\"elementor-post-date\">\n\t\t\tSeptember 9, 2024\t\t<\/span>\n\t\t\t\t<\/div>\n\t\t\t\t<div class=\"elementor-post__excerpt\">\n\t\t\t<p>Dans un monde o\u00f9 la technologie transforme continuellement le paysage commercial, Toby Wallet se d\u00e9marque comme une solution innovante pour la gestion de votre entreprise.<\/p>\n\t\t<\/div>\n\t\t\t\t<\/div>\n\t\t\t\t<\/article>\n\t\t\t\t<\/div>\n\t\t\n\t\t\t\t\t\t<\/div>\n\t\t\t\t<\/div>\n\t\t\t\t<\/div>\n\t\t<div class=\"elementor-element elementor-element-7579c03 e-con-full elementor-hidden-mobile e-flex wpr-particle-no wpr-jarallax-no wpr-parallax-no wpr-sticky-section-no e-con e-child\" data-id=\"7579c03\" data-element_type=\"container\">\n\t\t\t\t<div class=\"elementor-element elementor-element-8e39e64 elementor-grid-1 elementor-posts--thumbnail-left elementor-grid-tablet-2 elementor-grid-mobile-1 elementor-widget elementor-widget-posts\" data-id=\"8e39e64\" data-element_type=\"widget\" data-settings=\"{&quot;classic_columns&quot;:&quot;1&quot;,&quot;classic_columns_tablet&quot;:&quot;2&quot;,&quot;classic_columns_mobile&quot;:&quot;1&quot;,&quot;classic_row_gap&quot;:{&quot;unit&quot;:&quot;px&quot;,&quot;size&quot;:35,&quot;sizes&quot;:[]},&quot;classic_row_gap_widescreen&quot;:{&quot;unit&quot;:&quot;px&quot;,&quot;size&quot;:&quot;&quot;,&quot;sizes&quot;:[]},&quot;classic_row_gap_laptop&quot;:{&quot;unit&quot;:&quot;px&quot;,&quot;size&quot;:&quot;&quot;,&quot;sizes&quot;:[]},&quot;classic_row_gap_tablet_extra&quot;:{&quot;unit&quot;:&quot;px&quot;,&quot;size&quot;:&quot;&quot;,&quot;sizes&quot;:[]},&quot;classic_row_gap_tablet&quot;:{&quot;unit&quot;:&quot;px&quot;,&quot;size&quot;:&quot;&quot;,&quot;sizes&quot;:[]},&quot;classic_row_gap_mobile_extra&quot;:{&quot;unit&quot;:&quot;px&quot;,&quot;size&quot;:&quot;&quot;,&quot;sizes&quot;:[]},&quot;classic_row_gap_mobile&quot;:{&quot;unit&quot;:&quot;px&quot;,&quot;size&quot;:&quot;&quot;,&quot;sizes&quot;:[]}}\" data-widget_type=\"posts.classic\">\n\t\t\t\t<div class=\"elementor-widget-container\">\n\t\t\t\t\t\t\t<div class=\"elementor-posts-container elementor-posts elementor-posts--skin-classic elementor-grid\">\n\t\t\t\t<article class=\"elementor-post elementor-grid-item post-1519 post type-post status-publish format-standard has-post-thumbnail hentry category-toby-wallet\">\n\t\t\t\t<a class=\"elementor-post__thumbnail__link\" href=\"https:\/\/tobywallet.fr\/en\/les-idees-recues-sur-les-mobile-wallet\/\" tabindex=\"-1\" >\n\t\t\t<div class=\"elementor-post__thumbnail\"><img loading=\"lazy\" decoding=\"async\" width=\"542\" height=\"375\" src=\"https:\/\/tobywallet.fr\/wp-content\/uploads\/2024\/09\/Exemples-de-commerces.png\" class=\"attachment-full size-full wp-image-2012\" alt=\"\" srcset=\"https:\/\/tobywallet.fr\/wp-content\/uploads\/2024\/09\/Exemples-de-commerces.png 542w, https:\/\/tobywallet.fr\/wp-content\/uploads\/2024\/09\/Exemples-de-commerces-300x208.png 300w\" sizes=\"auto, (max-width: 542px) 100vw, 542px\" \/><\/div>\n\t\t<\/a>\n\t\t\t\t<div class=\"elementor-post__text\">\n\t\t\t\t<h3 class=\"elementor-post__title\">\n\t\t\t<a href=\"https:\/\/tobywallet.fr\/en\/les-idees-recues-sur-les-mobile-wallet\/\" >\n\t\t\t\tComment Toby Wallet Transforme l&rsquo;Exp\u00e9rience Client : Exemples Concrets de Commerces\t\t\t<\/a>\n\t\t<\/h3>\n\t\t\t\t<\/div>\n\t\t\t\t<\/article>\n\t\t\t\t<article class=\"elementor-post elementor-grid-item post-1517 post type-post status-publish format-standard has-post-thumbnail hentry category-toby-wallet\">\n\t\t\t\t<a class=\"elementor-post__thumbnail__link\" href=\"https:\/\/tobywallet.fr\/en\/client-ambassadeur-un-atout-non-negligeable-pour-votre-strategie-client\/\" tabindex=\"-1\" >\n\t\t\t<div class=\"elementor-post__thumbnail\"><img loading=\"lazy\" decoding=\"async\" width=\"542\" height=\"375\" src=\"https:\/\/tobywallet.fr\/wp-content\/uploads\/2024\/09\/Maximisez-vos-ventes.png\" class=\"attachment-full size-full wp-image-2011\" alt=\"\" srcset=\"https:\/\/tobywallet.fr\/wp-content\/uploads\/2024\/09\/Maximisez-vos-ventes.png 542w, https:\/\/tobywallet.fr\/wp-content\/uploads\/2024\/09\/Maximisez-vos-ventes-300x208.png 300w\" sizes=\"auto, (max-width: 542px) 100vw, 542px\" \/><\/div>\n\t\t<\/a>\n\t\t\t\t<div class=\"elementor-post__text\">\n\t\t\t\t<h3 class=\"elementor-post__title\">\n\t\t\t<a href=\"https:\/\/tobywallet.fr\/en\/client-ambassadeur-un-atout-non-negligeable-pour-votre-strategie-client\/\" >\n\t\t\t\tMaximisez vos Ventes avec un Programme de Fid\u00e9lit\u00e9 Personnalis\u00e9 : Le Cas de Toby Wallet\t\t\t<\/a>\n\t\t<\/h3>\n\t\t\t\t<\/div>\n\t\t\t\t<\/article>\n\t\t\t\t<article class=\"elementor-post elementor-grid-item post-1515 post type-post status-publish format-standard has-post-thumbnail hentry category-toby-wallet\">\n\t\t\t\t<a class=\"elementor-post__thumbnail__link\" href=\"https:\/\/tobywallet.fr\/en\/comment-proposer-une-experience-reussie-avec-le-wallet-mobile\/\" tabindex=\"-1\" >\n\t\t\t<div class=\"elementor-post__thumbnail\"><img loading=\"lazy\" decoding=\"async\" width=\"542\" height=\"375\" src=\"https:\/\/tobywallet.fr\/wp-content\/uploads\/2024\/09\/Les-Avantages-de-la-realite-augmante.png\" class=\"attachment-full size-full wp-image-2009\" alt=\"\" srcset=\"https:\/\/tobywallet.fr\/wp-content\/uploads\/2024\/09\/Les-Avantages-de-la-realite-augmante.png 542w, https:\/\/tobywallet.fr\/wp-content\/uploads\/2024\/09\/Les-Avantages-de-la-realite-augmante-300x208.png 300w\" sizes=\"auto, (max-width: 542px) 100vw, 542px\" \/><\/div>\n\t\t<\/a>\n\t\t\t\t<div class=\"elementor-post__text\">\n\t\t\t\t<h3 class=\"elementor-post__title\">\n\t\t\t<a href=\"https:\/\/tobywallet.fr\/en\/comment-proposer-une-experience-reussie-avec-le-wallet-mobile\/\" >\n\t\t\t\tLes Avantages de la R\u00e9alit\u00e9 Augment\u00e9e dans le Commerce : Comment Toby Wallet Int\u00e8gre cette Technologie\t\t\t<\/a>\n\t\t<\/h3>\n\t\t\t\t<\/div>\n\t\t\t\t<\/article>\n\t\t\t\t<article class=\"elementor-post elementor-grid-item post-1509 post type-post status-publish format-standard has-post-thumbnail hentry category-toby-wallet\">\n\t\t\t\t<a class=\"elementor-post__thumbnail__link\" href=\"https:\/\/tobywallet.fr\/en\/comment-et-pourquoi-digitaliser-sa-relation-client\/\" tabindex=\"-1\" >\n\t\t\t<div class=\"elementor-post__thumbnail\"><img loading=\"lazy\" decoding=\"async\" width=\"542\" height=\"375\" src=\"https:\/\/tobywallet.fr\/wp-content\/uploads\/2024\/09\/Groupe-de-masques-17.png\" class=\"attachment-full size-full wp-image-1126\" alt=\"\" srcset=\"https:\/\/tobywallet.fr\/wp-content\/uploads\/2024\/09\/Groupe-de-masques-17.png 542w, https:\/\/tobywallet.fr\/wp-content\/uploads\/2024\/09\/Groupe-de-masques-17-300x208.png 300w\" sizes=\"auto, (max-width: 542px) 100vw, 542px\" \/><\/div>\n\t\t<\/a>\n\t\t\t\t<div class=\"elementor-post__text\">\n\t\t\t\t<h3 class=\"elementor-post__title\">\n\t\t\t<a href=\"https:\/\/tobywallet.fr\/en\/comment-et-pourquoi-digitaliser-sa-relation-client\/\" >\n\t\t\t\tQu&rsquo;est-ce que Toby Wallet ? Votre Solution Innovante pour la Gestion Commerciale\t\t\t<\/a>\n\t\t<\/h3>\n\t\t\t\t<\/div>\n\t\t\t\t<\/article>\n\t\t\t\t<\/div>\n\t\t\n\t\t\t\t\t\t<\/div>\n\t\t\t\t<\/div>\n\t\t\t\t<\/div>\n\t\t\t\t\t<\/div>\n\t\t\t\t<\/div>\n\t\t\t\t<\/div>","protected":false},"excerpt":{"rendered":"<p>Blog Vous avez une question ou vous voulez juste dire bonjour ? Nous aimerions recevoir de vos nouvelles.<\/p>","protected":false},"author":15,"featured_media":0,"parent":0,"menu_order":0,"comment_status":"closed","ping_status":"closed","template":"","meta":{"footnotes":""},"class_list":["post-498","page","type-page","status-publish","hentry"],"yoast_head":"<!-- This site is optimized with the Yoast SEO plugin v25.8 - https:\/\/yoast.com\/wordpress\/plugins\/seo\/ -->\n<title>Blog - Toby Wallet<\/title>\n<meta name=\"robots\" content=\"index, follow, max-snippet:-1, max-image-preview:large, max-video-preview:-1\" \/>\n<link rel=\"canonical\" href=\"https:\/\/tobywallet.fr\/en\/blog\/\" \/>\n<meta property=\"og:locale\" content=\"en_US\" \/>\n<meta property=\"og:type\" content=\"article\" \/>\n<meta property=\"og:title\" content=\"Blog - Toby Wallet\" \/>\n<meta property=\"og:description\" content=\"Blog Vous avez une question ou vous voulez juste dire bonjour ? Nous aimerions recevoir de vos nouvelles.\" \/>\n<meta property=\"og:url\" content=\"https:\/\/tobywallet.fr\/en\/blog\/\" \/>\n<meta property=\"og:site_name\" content=\"Toby Wallet\" \/>\n<meta property=\"article:modified_time\" content=\"2024-09-09T12:49:04+00:00\" \/>\n<meta name=\"twitter:card\" content=\"summary_large_image\" \/>\n<script type=\"application\/ld+json\" class=\"yoast-schema-graph\">{\"@context\":\"https:\/\/schema.org\",\"@graph\":[{\"@type\":\"WebPage\",\"@id\":\"https:\/\/tobywallet.fr\/blog\/\",\"url\":\"https:\/\/tobywallet.fr\/blog\/\",\"name\":\"Blog - Toby Wallet\",\"isPartOf\":{\"@id\":\"https:\/\/tobywallet.fr\/#website\"},\"datePublished\":\"2024-09-04T11:39:26+00:00\",\"dateModified\":\"2024-09-09T12:49:04+00:00\",\"breadcrumb\":{\"@id\":\"https:\/\/tobywallet.fr\/blog\/#breadcrumb\"},\"inLanguage\":\"en-US\",\"potentialAction\":[{\"@type\":\"ReadAction\",\"target\":[\"https:\/\/tobywallet.fr\/blog\/\"]}]},{\"@type\":\"BreadcrumbList\",\"@id\":\"https:\/\/tobywallet.fr\/blog\/#breadcrumb\",\"itemListElement\":[{\"@type\":\"ListItem\",\"position\":1,\"name\":\"Accueil\",\"item\":\"https:\/\/tobywallet.fr\/\"},{\"@type\":\"ListItem\",\"position\":2,\"name\":\"Blog\"}]},{\"@type\":\"WebSite\",\"@id\":\"https:\/\/tobywallet.fr\/#website\",\"url\":\"https:\/\/tobywallet.fr\/\",\"name\":\"Toby Wallet\",\"description\":\"\",\"potentialAction\":[{\"@type\":\"SearchAction\",\"target\":{\"@type\":\"EntryPoint\",\"urlTemplate\":\"https:\/\/tobywallet.fr\/?s={search_term_string}\"},\"query-input\":{\"@type\":\"PropertyValueSpecification\",\"valueRequired\":true,\"valueName\":\"search_term_string\"}}],\"inLanguage\":\"en-US\"}]}<\/script>\n<!-- \/ Yoast SEO plugin. -->","yoast_head_json":{"title":"Blog - Toby Wallet","robots":{"index":"index","follow":"follow","max-snippet":"max-snippet:-1","max-image-preview":"max-image-preview:large","max-video-preview":"max-video-preview:-1"},"canonical":"https:\/\/tobywallet.fr\/en\/blog\/","og_locale":"en_US","og_type":"article","og_title":"Blog - Toby Wallet","og_description":"Blog Vous avez une question ou vous voulez juste dire bonjour ? Nous aimerions recevoir de vos nouvelles.","og_url":"https:\/\/tobywallet.fr\/en\/blog\/","og_site_name":"Toby Wallet","article_modified_time":"2024-09-09T12:49:04+00:00","twitter_card":"summary_large_image","schema":{"@context":"https:\/\/schema.org","@graph":[{"@type":"WebPage","@id":"https:\/\/tobywallet.fr\/blog\/","url":"https:\/\/tobywallet.fr\/blog\/","name":"Blog - Toby Wallet","isPartOf":{"@id":"https:\/\/tobywallet.fr\/#website"},"datePublished":"2024-09-04T11:39:26+00:00","dateModified":"2024-09-09T12:49:04+00:00","breadcrumb":{"@id":"https:\/\/tobywallet.fr\/blog\/#breadcrumb"},"inLanguage":"en-US","potentialAction":[{"@type":"ReadAction","target":["https:\/\/tobywallet.fr\/blog\/"]}]},{"@type":"BreadcrumbList","@id":"https:\/\/tobywallet.fr\/blog\/#breadcrumb","itemListElement":[{"@type":"ListItem","position":1,"name":"Accueil","item":"https:\/\/tobywallet.fr\/"},{"@type":"ListItem","position":2,"name":"Blog"}]},{"@type":"WebSite","@id":"https:\/\/tobywallet.fr\/#website","url":"https:\/\/tobywallet.fr\/","name":"Toby Wallet","description":"","potentialAction":[{"@type":"SearchAction","target":{"@type":"EntryPoint","urlTemplate":"https:\/\/tobywallet.fr\/?s={search_term_string}"},"query-input":{"@type":"PropertyValueSpecification","valueRequired":true,"valueName":"search_term_string"}}],"inLanguage":"en-US"}]}},"_links":{"self":[{"href":"https:\/\/tobywallet.fr\/en\/wp-json\/wp\/v2\/pages\/498","targetHints":{"allow":["GET"]}}],"collection":[{"href":"https:\/\/tobywallet.fr\/en\/wp-json\/wp\/v2\/pages"}],"about":[{"href":"https:\/\/tobywallet.fr\/en\/wp-json\/wp\/v2\/types\/page"}],"author":[{"embeddable":true,"href":"https:\/\/tobywallet.fr\/en\/wp-json\/wp\/v2\/users\/15"}],"replies":[{"embeddable":true,"href":"https:\/\/tobywallet.fr\/en\/wp-json\/wp\/v2\/comments?post=498"}],"version-history":[{"count":0,"href":"https:\/\/tobywallet.fr\/en\/wp-json\/wp\/v2\/pages\/498\/revisions"}],"wp:attachment":[{"href":"https:\/\/tobywallet.fr\/en\/wp-json\/wp\/v2\/media?parent=498"}],"curies":[{"name":"wp","href":"https:\/\/api.w.org\/{rel}","templated":true}]}}