{"id":31,"date":"2024-09-06T10:07:16","date_gmt":"2024-09-06T08:07:16","guid":{"rendered":"https:\/\/front.tobywallet.fr\/?page_id=31"},"modified":"2025-07-22T09:46:06","modified_gmt":"2025-07-22T07:46:06","slug":"contact","status":"publish","type":"page","link":"https:\/\/tobywallet.fr\/en\/contact\/","title":{"rendered":"Contact"},"content":{"rendered":"<div data-elementor-type=\"wp-page\" data-elementor-id=\"31\" class=\"elementor elementor-31\" data-elementor-post-type=\"page\">\n\t\t\t\t<div class=\"elementor-element elementor-element-6a6c751d e-flex e-con-boxed wpr-particle-no wpr-jarallax-no wpr-parallax-no wpr-sticky-section-no e-con e-parent\" data-id=\"6a6c751d\" data-element_type=\"container\">\n\t\t\t\t\t<div class=\"e-con-inner\">\n\t\t<div class=\"elementor-element elementor-element-1752ad8b e-con-full e-flex wpr-particle-no wpr-jarallax-no wpr-parallax-no wpr-sticky-section-no e-con e-child\" data-id=\"1752ad8b\" data-element_type=\"container\">\n\t\t\t\t<div class=\"elementor-element elementor-element-162e380c elementor-widget elementor-widget-heading\" data-id=\"162e380c\" data-element_type=\"widget\" data-widget_type=\"heading.default\">\n\t\t\t\t<div class=\"elementor-widget-container\">\n\t\t\t\t\t<h2 class=\"elementor-heading-title elementor-size-default\">Get in touch<\/h2>\t\t\t\t<\/div>\n\t\t\t\t<\/div>\n\t\t\t\t<div class=\"elementor-element elementor-element-1d8cff86 elementor-widget elementor-widget-text-editor\" data-id=\"1d8cff86\" data-element_type=\"widget\" data-widget_type=\"text-editor.default\">\n\t\t\t\t<div class=\"elementor-widget-container\">\n\t\t\t\t\t\t\t\t\tGot a question or just want to say hello?\n We\u2019d love to hear from you.\t\t\t\t\t\t\t\t<\/div>\n\t\t\t\t<\/div>\n\t\t\t\t<\/div>\n\t\t<div class=\"elementor-element elementor-element-365e6246 e-con-full elementor-hidden-mobile e-flex wpr-particle-no wpr-jarallax-no wpr-parallax-no wpr-sticky-section-no e-con e-child\" data-id=\"365e6246\" data-element_type=\"container\">\n\t\t\t\t<\/div>\n\t\t\t\t\t<\/div>\n\t\t\t\t<\/div>\n\t\t<div class=\"elementor-element elementor-element-a5db96b e-flex e-con-boxed wpr-particle-no wpr-jarallax-no wpr-parallax-no wpr-sticky-section-no e-con e-parent\" data-id=\"a5db96b\" data-element_type=\"container\">\n\t\t\t\t\t<div class=\"e-con-inner\">\n\t\t<div class=\"elementor-element elementor-element-24db23b8 e-con-full e-flex wpr-particle-no wpr-jarallax-no wpr-parallax-no wpr-sticky-section-no e-con e-child\" data-id=\"24db23b8\" data-element_type=\"container\">\n\t\t<div class=\"elementor-element elementor-element-6040f925 e-con-full e-flex wpr-particle-no wpr-jarallax-no wpr-parallax-no wpr-sticky-section-no e-con e-child\" data-id=\"6040f925\" data-element_type=\"container\">\n\t\t<div class=\"elementor-element elementor-element-384eeaea e-con-full parent_bloc e-flex wpr-particle-no wpr-jarallax-no wpr-parallax-no wpr-sticky-section-no e-con e-child\" data-id=\"384eeaea\" data-element_type=\"container\" data-settings=\"{&quot;background_background&quot;:&quot;classic&quot;}\">\n\t\t\t\t<div class=\"elementor-element elementor-element-26313901 elementor-position-left elementor-vertical-align-middle default_bloc elementor-widget elementor-widget-image-box\" data-id=\"26313901\" data-element_type=\"widget\" data-widget_type=\"image-box.default\">\n\t\t\t\t<div class=\"elementor-widget-container\">\n\t\t\t\t\t<div class=\"elementor-image-box-wrapper\"><figure class=\"elementor-image-box-img\"><img loading=\"lazy\" decoding=\"async\" width=\"31\" height=\"29\" src=\"https:\/\/tobywallet.fr\/wp-content\/uploads\/2024\/09\/enveloppe-9-1.png\" class=\"attachment-full size-full wp-image-1416\" alt=\"\" \/><\/figure><div class=\"elementor-image-box-content\"><h3 class=\"elementor-image-box-title\">Email<\/h3><p class=\"elementor-image-box-description\">contact@tobywallet.fr<\/p><\/div><\/div>\t\t\t\t<\/div>\n\t\t\t\t<\/div>\n\t\t\t\t<div class=\"elementor-element elementor-element-21e05fdd elementor-position-left elementor-vertical-align-middle bloc_hover elementor-widget elementor-widget-image-box\" data-id=\"21e05fdd\" data-element_type=\"widget\" data-widget_type=\"image-box.default\">\n\t\t\t\t<div class=\"elementor-widget-container\">\n\t\t\t\t\t<div class=\"elementor-image-box-wrapper\"><figure class=\"elementor-image-box-img\"><img loading=\"lazy\" decoding=\"async\" width=\"31\" height=\"31\" src=\"https:\/\/tobywallet.fr\/wp-content\/uploads\/2024\/09\/maison-3-1.png\" class=\"attachment-full size-full wp-image-1419\" alt=\"\" \/><\/figure><div class=\"elementor-image-box-content\"><h3 class=\"elementor-image-box-title\">Email<\/h3><p class=\"elementor-image-box-description\">contact@tobywallet.fr<\/p><\/div><\/div>\t\t\t\t<\/div>\n\t\t\t\t<\/div>\n\t\t\t\t<\/div>\n\t\t<div class=\"elementor-element elementor-element-7048f2ec e-con-full parent_bloc e-flex wpr-particle-no wpr-jarallax-no wpr-parallax-no wpr-sticky-section-no e-con e-child\" data-id=\"7048f2ec\" data-element_type=\"container\" data-settings=\"{&quot;background_background&quot;:&quot;classic&quot;}\">\n\t\t\t\t<div class=\"elementor-element elementor-element-59a38dfb elementor-position-left elementor-vertical-align-middle default_bloc elementor-widget elementor-widget-image-box\" data-id=\"59a38dfb\" data-element_type=\"widget\" data-widget_type=\"image-box.default\">\n\t\t\t\t<div class=\"elementor-widget-container\">\n\t\t\t\t\t<div class=\"elementor-image-box-wrapper\"><figure class=\"elementor-image-box-img\"><img loading=\"lazy\" decoding=\"async\" width=\"31\" height=\"31\" src=\"https:\/\/tobywallet.fr\/wp-content\/uploads\/2024\/09\/appel-telephonique-5-1.png\" class=\"attachment-full size-full wp-image-1414\" alt=\"\" \/><\/figure><div class=\"elementor-image-box-content\"><h3 class=\"elementor-image-box-title\">Phone<\/h3><p class=\"elementor-image-box-description\">+33 7 79 54 27 76<\/p><\/div><\/div>\t\t\t\t<\/div>\n\t\t\t\t<\/div>\n\t\t\t\t<div class=\"elementor-element elementor-element-434aebd8 elementor-position-left elementor-vertical-align-middle bloc_hover elementor-widget elementor-widget-image-box\" data-id=\"434aebd8\" data-element_type=\"widget\" data-widget_type=\"image-box.default\">\n\t\t\t\t<div class=\"elementor-widget-container\">\n\t\t\t\t\t<div class=\"elementor-image-box-wrapper\"><figure class=\"elementor-image-box-img\"><img loading=\"lazy\" decoding=\"async\" width=\"31\" height=\"31\" src=\"https:\/\/tobywallet.fr\/wp-content\/uploads\/2024\/09\/appel-telephonique-Blanc-1.png\" class=\"attachment-full size-full wp-image-1415\" alt=\"\" \/><\/figure><div class=\"elementor-image-box-content\"><h3 class=\"elementor-image-box-title\">Phone<\/h3><p class=\"elementor-image-box-description\">+33 7 79 54 27 76<\/p><\/div><\/div>\t\t\t\t<\/div>\n\t\t\t\t<\/div>\n\t\t\t\t<\/div>\n\t\t\t\t<\/div>\n\t\t\t\t<div class=\"elementor-element elementor-element-16b6a115 elementor-button-align-stretch elementor-widget elementor-widget-form\" data-id=\"16b6a115\" data-element_type=\"widget\" data-settings=\"{&quot;step_next_label&quot;:&quot;Next&quot;,&quot;step_previous_label&quot;:&quot;Previous&quot;,&quot;button_width&quot;:&quot;40&quot;,&quot;step_type&quot;:&quot;number_text&quot;,&quot;step_icon_shape&quot;:&quot;circle&quot;}\" data-widget_type=\"form.default\">\n\t\t\t\t<div class=\"elementor-widget-container\">\n\t\t\t\t\t\t\t<form class=\"elementor-form\" method=\"post\" name=\"New Form\" action=\"\">\n\t\t\t<input type=\"hidden\" name=\"post_id\" value=\"31\"\/>\n\t\t\t<input type=\"hidden\" name=\"form_id\" value=\"16b6a115\"\/>\n\t\t\t<input type=\"hidden\" name=\"referer_title\" value=\"Contact - Toby Wallet\" \/>\n\n\t\t\t\t\t\t\t<input type=\"hidden\" name=\"queried_id\" value=\"31\"\/>\n\t\t\t\n\t\t\t<div class=\"elementor-form-fields-wrapper elementor-labels-above\">\n\t\t\t\t\t\t\t\t<div class=\"elementor-field-type-text elementor-field-group elementor-column elementor-field-group-name elementor-col-50\">\n\t\t\t\t\t\t\t\t\t\t\t\t<label for=\"form-field-name\" class=\"elementor-field-label\">\n\t\t\t\t\t\t\t\tName\t\t\t\t\t\t\t<\/label>\n\t\t\t\t\t\t\t\t\t\t\t\t\t\t<input size=\"1\" type=\"text\" name=\"form_fields[name]\" id=\"form-field-name\" class=\"elementor-field elementor-size-sm  elementor-field-textual\" placeholder=\"Name\">\n\t\t\t\t\t\t\t\t\t\t\t<\/div>\n\t\t\t\t\t\t\t\t<div class=\"elementor-field-type-email elementor-field-group elementor-column elementor-field-group-email elementor-col-50 elementor-field-required\">\n\t\t\t\t\t\t\t\t\t\t\t\t<label for=\"form-field-email\" class=\"elementor-field-label\">\n\t\t\t\t\t\t\t\tEmail\t\t\t\t\t\t\t<\/label>\n\t\t\t\t\t\t\t\t\t\t\t\t\t\t<input size=\"1\" type=\"email\" name=\"form_fields[email]\" id=\"form-field-email\" class=\"elementor-field elementor-size-sm  elementor-field-textual\" placeholder=\"Email\" required=\"required\">\n\t\t\t\t\t\t\t\t\t\t\t<\/div>\n\t\t\t\t\t\t\t\t<div class=\"elementor-field-type-text elementor-field-group elementor-column elementor-field-group-field_26dd820 elementor-col-100\">\n\t\t\t\t\t\t\t\t\t\t\t\t<label for=\"form-field-field_26dd820\" class=\"elementor-field-label\">\n\t\t\t\t\t\t\t\tObjet\t\t\t\t\t\t\t<\/label>\n\t\t\t\t\t\t\t\t\t\t\t\t\t\t<input size=\"1\" type=\"text\" name=\"form_fields[field_26dd820]\" id=\"form-field-field_26dd820\" class=\"elementor-field elementor-size-sm  elementor-field-textual\" placeholder=\"Objet\">\n\t\t\t\t\t\t\t\t\t\t\t<\/div>\n\t\t\t\t\t\t\t\t<div class=\"elementor-field-type-textarea elementor-field-group elementor-column elementor-field-group-message elementor-col-100\">\n\t\t\t\t\t\t\t\t\t\t\t\t<label for=\"form-field-message\" class=\"elementor-field-label\">\n\t\t\t\t\t\t\t\tMessage\t\t\t\t\t\t\t<\/label>\n\t\t\t\t\t\t<textarea class=\"elementor-field-textual elementor-field  elementor-size-sm\" name=\"form_fields[message]\" id=\"form-field-message\" rows=\"4\" placeholder=\"Message\"><\/textarea>\t\t\t\t<\/div>\n\t\t\t\t\t\t\t\t<div class=\"elementor-field-group elementor-column elementor-field-type-submit elementor-col-40 e-form__buttons\">\n\t\t\t\t\t<button class=\"elementor-button elementor-size-sm\" type=\"submit\">\n\t\t\t\t\t\t<span class=\"elementor-button-content-wrapper\">\n\t\t\t\t\t\t\t\t\t\t\t\t\t\t\t\t\t\t\t\t\t\t<span class=\"elementor-button-text\">Send<\/span>\n\t\t\t\t\t\t\t\t\t\t\t\t\t<\/span>\n\t\t\t\t\t<\/button>\n\t\t\t\t<\/div>\n\t\t\t<\/div>\n\t\t<input type=\"hidden\" name=\"trp-form-language\" value=\"en\"\/><\/form>\n\t\t\t\t\t\t<\/div>\n\t\t\t\t<\/div>\n\t\t\t\t<\/div>\n\t\t<div class=\"elementor-element elementor-element-529e7539 e-con-full e-flex wpr-particle-no wpr-jarallax-no wpr-parallax-no wpr-sticky-section-no e-con e-child\" data-id=\"529e7539\" data-element_type=\"container\">\n\t\t\t\t<div class=\"elementor-element elementor-element-63c56e89 elementor-widget elementor-widget-image\" data-id=\"63c56e89\" data-element_type=\"widget\" data-widget_type=\"image.default\">\n\t\t\t\t<div class=\"elementor-widget-container\">\n\t\t\t\t\t\t\t\t\t\t\t\t\t\t\t<img loading=\"lazy\" decoding=\"async\" width=\"935\" height=\"943\" src=\"https:\/\/tobywallet.fr\/wp-content\/uploads\/2024\/09\/Groupe-359.png\" class=\"attachment-large size-large wp-image-1117\" alt=\"\" srcset=\"https:\/\/tobywallet.fr\/wp-content\/uploads\/2024\/09\/Groupe-359.png 935w, https:\/\/tobywallet.fr\/wp-content\/uploads\/2024\/09\/Groupe-359-297x300.png 297w, https:\/\/tobywallet.fr\/wp-content\/uploads\/2024\/09\/Groupe-359-150x150.png 150w, https:\/\/tobywallet.fr\/wp-content\/uploads\/2024\/09\/Groupe-359-768x775.png 768w\" sizes=\"auto, (max-width: 935px) 100vw, 935px\" \/>\t\t\t\t\t\t\t\t\t\t\t\t\t\t\t<\/div>\n\t\t\t\t<\/div>\n\t\t\t\t<\/div>\n\t\t\t\t\t<\/div>\n\t\t\t\t<\/div>\n\t\t<div class=\"elementor-element elementor-element-696fd1c2 e-con-full e-flex wpr-particle-no wpr-jarallax-no wpr-parallax-no wpr-sticky-section-no e-con e-parent\" data-id=\"696fd1c2\" data-element_type=\"container\">\n\t\t<div class=\"elementor-element elementor-element-6a2455ab e-con-full e-flex wpr-particle-no wpr-jarallax-no wpr-parallax-no wpr-sticky-section-no e-con e-child\" data-id=\"6a2455ab\" data-element_type=\"container\" data-settings=\"{&quot;background_background&quot;:&quot;classic&quot;}\">\n\t\t<div class=\"elementor-element elementor-element-50d1f7e e-con-full e-flex wpr-particle-no wpr-jarallax-no wpr-parallax-no wpr-sticky-section-no e-con e-child\" data-id=\"50d1f7e\" data-element_type=\"container\">\n\t\t\t\t<div class=\"elementor-element elementor-element-47c819 elementor-widget elementor-widget-heading\" data-id=\"47c819\" data-element_type=\"widget\" data-widget_type=\"heading.default\">\n\t\t\t\t<div class=\"elementor-widget-container\">\n\t\t\t\t\t<h2 class=\"elementor-heading-title elementor-size-default\">Try Toby Wallet for free and boost your business!<\/h2>\t\t\t\t<\/div>\n\t\t\t\t<\/div>\n\t\t\t\t<div class=\"elementor-element elementor-element-2671c0b1 elementor-widget elementor-widget-text-editor\" data-id=\"2671c0b1\" data-element_type=\"widget\" data-widget_type=\"text-editor.default\">\n\t\t\t\t<div class=\"elementor-widget-container\">\n\t\t\t\t\t\t\t\t\tIf you simply want to learn more about Toby Wallet, feel free to request a meeting or leave us a quick message. We\u2019ll be happy to get back to you as soon as possible!\t\t\t\t\t\t\t\t<\/div>\n\t\t\t\t<\/div>\n\t\t\t\t<div class=\"elementor-element elementor-element-1b81e512 elementor-widget elementor-widget-text-editor\" data-id=\"1b81e512\" data-element_type=\"widget\" data-widget_type=\"text-editor.default\">\n\t\t\t\t<div class=\"elementor-widget-container\">\n\t\t\t\t\t\t\t\t\tDownload now on:\t\t\t\t\t\t\t\t<\/div>\n\t\t\t\t<\/div>\n\t\t<div class=\"elementor-element elementor-element-61d715ed e-con-full e-flex wpr-particle-no wpr-jarallax-no wpr-parallax-no wpr-sticky-section-no e-con e-child\" data-id=\"61d715ed\" data-element_type=\"container\">\n\t\t\t\t<div class=\"elementor-element elementor-element-4d1c3d3d elementor-widget elementor-widget-image\" data-id=\"4d1c3d3d\" data-element_type=\"widget\" data-widget_type=\"image.default\">\n\t\t\t\t<div class=\"elementor-widget-container\">\n\t\t\t\t\t\t\t\t\t\t\t\t\t\t\t\t<a href=\"https:\/\/apps.apple.com\/us\/app\/toby-wallet\/id1659111585\">\n\t\t\t\t\t\t\t<img loading=\"lazy\" decoding=\"async\" width=\"193\" height=\"52\" src=\"https:\/\/tobywallet.fr\/wp-content\/uploads\/2024\/09\/Groupe-375-1.png\" class=\"elementor-animation-grow attachment-full size-full wp-image-1426\" alt=\"\" \/>\t\t\t\t\t\t\t\t<\/a>\n\t\t\t\t\t\t\t\t\t\t\t\t\t\t\t<\/div>\n\t\t\t\t<\/div>\n\t\t\t\t<div class=\"elementor-element elementor-element-4f7ca753 elementor-widget elementor-widget-image\" data-id=\"4f7ca753\" data-element_type=\"widget\" data-widget_type=\"image.default\">\n\t\t\t\t<div class=\"elementor-widget-container\">\n\t\t\t\t\t\t\t\t\t\t\t\t\t\t\t\t<a href=\"https:\/\/play.google.com\/store\/apps\/details?id=com.croklacom.tobywallet&amp;pli=1\">\n\t\t\t\t\t\t\t<img loading=\"lazy\" decoding=\"async\" width=\"197\" height=\"52\" src=\"https:\/\/tobywallet.fr\/wp-content\/uploads\/2024\/09\/Groupe-376-1.png\" class=\"elementor-animation-grow attachment-full size-full wp-image-1427\" alt=\"\" \/>\t\t\t\t\t\t\t\t<\/a>\n\t\t\t\t\t\t\t\t\t\t\t\t\t\t\t<\/div>\n\t\t\t\t<\/div>\n\t\t\t\t<\/div>\n\t\t\t\t<\/div>\n\t\t<div class=\"elementor-element elementor-element-61794fd3 e-con-full elementor-hidden-mobile e-flex wpr-particle-no wpr-jarallax-no wpr-parallax-no wpr-sticky-section-no e-con e-child\" data-id=\"61794fd3\" data-element_type=\"container\">\n\t\t\t\t<\/div>\n\t\t\t\t<\/div>\n\t\t\t\t<\/div>\n\t\t\t\t<\/div>","protected":false},"excerpt":{"rendered":"<p>Prendre contact Vous avez une question ou vous voulez juste dire bonjour ? Nous aimerions recevoir de vos nouvelles. Email contact@tobywallet.fr Email contact@tobywallet.fr T\u00e9l\u00e9phone +33 7 79 54 27 76 T\u00e9l\u00e9phone +33 7 79 54 27 76 Essayez Toby Wallet gratuitement et boostez votre\u00a0commerce\u00a0! Si vous souhaitez simplement en savoir plus sur Toby Wallet, n\u2019h\u00e9sitez pas \u00e0 demander un rendez-vous ou \u00e0 nous laisser un petit message. Nous vous ferons une joie de vous contacter dans les plus brefs d\u00e9lais !Telecharger maintenant sur :<\/p>","protected":false},"author":15,"featured_media":0,"parent":0,"menu_order":0,"comment_status":"closed","ping_status":"closed","template":"","meta":{"footnotes":""},"class_list":["post-31","page","type-page","status-publish","hentry"],"yoast_head":"<!-- This site is optimized with the Yoast SEO plugin v25.8 - https:\/\/yoast.com\/wordpress\/plugins\/seo\/ -->\n<title>Contact - Toby Wallet<\/title>\n<meta name=\"description\" content=\"Vous avez des questions sur Toby Wallet ? Contactez-nous d\u00e8s maintenant, notre \u00e9quipe est pr\u00eate \u00e0 vous aider\" \/>\n<meta name=\"robots\" content=\"index, follow, max-snippet:-1, max-image-preview:large, max-video-preview:-1\" \/>\n<link rel=\"canonical\" href=\"https:\/\/tobywallet.fr\/en\/contact\/\" \/>\n<meta property=\"og:locale\" content=\"en_US\" \/>\n<meta property=\"og:type\" content=\"article\" \/>\n<meta property=\"og:title\" content=\"Contact - Toby Wallet\" \/>\n<meta property=\"og:description\" content=\"Vous avez des questions sur Toby Wallet ? Contactez-nous d\u00e8s maintenant, notre \u00e9quipe est pr\u00eate \u00e0 vous aider\" \/>\n<meta property=\"og:url\" content=\"https:\/\/tobywallet.fr\/en\/contact\/\" \/>\n<meta property=\"og:site_name\" content=\"Toby Wallet\" \/>\n<meta property=\"article:modified_time\" content=\"2025-07-22T07:46:06+00:00\" \/>\n<meta property=\"og:image\" content=\"https:\/\/tobywallet.fr\/wp-content\/uploads\/2024\/09\/enveloppe-9-1.png\" \/>\n\t<meta property=\"og:image:width\" content=\"31\" \/>\n\t<meta property=\"og:image:height\" content=\"29\" \/>\n\t<meta property=\"og:image:type\" content=\"image\/png\" \/>\n<meta name=\"twitter:card\" content=\"summary_large_image\" \/>\n<meta name=\"twitter:label1\" content=\"Est. reading time\" \/>\n\t<meta name=\"twitter:data1\" content=\"2 minutes\" \/>\n<script type=\"application\/ld+json\" class=\"yoast-schema-graph\">{\"@context\":\"https:\/\/schema.org\",\"@graph\":[{\"@type\":\"WebPage\",\"@id\":\"https:\/\/tobywallet.fr\/contact\/\",\"url\":\"https:\/\/tobywallet.fr\/contact\/\",\"name\":\"Contact - Toby Wallet\",\"isPartOf\":{\"@id\":\"https:\/\/tobywallet.fr\/#website\"},\"primaryImageOfPage\":{\"@id\":\"https:\/\/tobywallet.fr\/contact\/#primaryimage\"},\"image\":{\"@id\":\"https:\/\/tobywallet.fr\/contact\/#primaryimage\"},\"thumbnailUrl\":\"https:\/\/tobywallet.fr\/wp-content\/uploads\/2024\/09\/enveloppe-9-1.png\",\"datePublished\":\"2024-09-06T08:07:16+00:00\",\"dateModified\":\"2025-07-22T07:46:06+00:00\",\"description\":\"Vous avez des questions sur Toby Wallet ? Contactez-nous d\u00e8s maintenant, notre \u00e9quipe est pr\u00eate \u00e0 vous aider\",\"breadcrumb\":{\"@id\":\"https:\/\/tobywallet.fr\/contact\/#breadcrumb\"},\"inLanguage\":\"en-US\",\"potentialAction\":[{\"@type\":\"ReadAction\",\"target\":[\"https:\/\/tobywallet.fr\/contact\/\"]}]},{\"@type\":\"ImageObject\",\"inLanguage\":\"en-US\",\"@id\":\"https:\/\/tobywallet.fr\/contact\/#primaryimage\",\"url\":\"https:\/\/tobywallet.fr\/wp-content\/uploads\/2024\/09\/enveloppe-9-1.png\",\"contentUrl\":\"https:\/\/tobywallet.fr\/wp-content\/uploads\/2024\/09\/enveloppe-9-1.png\"},{\"@type\":\"BreadcrumbList\",\"@id\":\"https:\/\/tobywallet.fr\/contact\/#breadcrumb\",\"itemListElement\":[{\"@type\":\"ListItem\",\"position\":1,\"name\":\"Accueil\",\"item\":\"https:\/\/tobywallet.fr\/\"},{\"@type\":\"ListItem\",\"position\":2,\"name\":\"Contact\"}]},{\"@type\":\"WebSite\",\"@id\":\"https:\/\/tobywallet.fr\/#website\",\"url\":\"https:\/\/tobywallet.fr\/\",\"name\":\"Toby Wallet\",\"description\":\"\",\"potentialAction\":[{\"@type\":\"SearchAction\",\"target\":{\"@type\":\"EntryPoint\",\"urlTemplate\":\"https:\/\/tobywallet.fr\/?s={search_term_string}\"},\"query-input\":{\"@type\":\"PropertyValueSpecification\",\"valueRequired\":true,\"valueName\":\"search_term_string\"}}],\"inLanguage\":\"en-US\"}]}<\/script>\n<!-- \/ Yoast SEO plugin. -->","yoast_head_json":{"title":"Contact - Toby Wallet","description":"Vous avez des questions sur Toby Wallet ? Contactez-nous d\u00e8s maintenant, notre \u00e9quipe est pr\u00eate \u00e0 vous aider","robots":{"index":"index","follow":"follow","max-snippet":"max-snippet:-1","max-image-preview":"max-image-preview:large","max-video-preview":"max-video-preview:-1"},"canonical":"https:\/\/tobywallet.fr\/en\/contact\/","og_locale":"en_US","og_type":"article","og_title":"Contact - Toby Wallet","og_description":"Vous avez des questions sur Toby Wallet ? Contactez-nous d\u00e8s maintenant, notre \u00e9quipe est pr\u00eate \u00e0 vous aider","og_url":"https:\/\/tobywallet.fr\/en\/contact\/","og_site_name":"Toby Wallet","article_modified_time":"2025-07-22T07:46:06+00:00","og_image":[{"width":31,"height":29,"url":"https:\/\/tobywallet.fr\/wp-content\/uploads\/2024\/09\/enveloppe-9-1.png","type":"image\/png"}],"twitter_card":"summary_large_image","twitter_misc":{"Est. reading time":"2 minutes"},"schema":{"@context":"https:\/\/schema.org","@graph":[{"@type":"WebPage","@id":"https:\/\/tobywallet.fr\/contact\/","url":"https:\/\/tobywallet.fr\/contact\/","name":"Contact - Toby Wallet","isPartOf":{"@id":"https:\/\/tobywallet.fr\/#website"},"primaryImageOfPage":{"@id":"https:\/\/tobywallet.fr\/contact\/#primaryimage"},"image":{"@id":"https:\/\/tobywallet.fr\/contact\/#primaryimage"},"thumbnailUrl":"https:\/\/tobywallet.fr\/wp-content\/uploads\/2024\/09\/enveloppe-9-1.png","datePublished":"2024-09-06T08:07:16+00:00","dateModified":"2025-07-22T07:46:06+00:00","description":"Vous avez des questions sur Toby Wallet ? Contactez-nous d\u00e8s maintenant, notre \u00e9quipe est pr\u00eate \u00e0 vous aider","breadcrumb":{"@id":"https:\/\/tobywallet.fr\/contact\/#breadcrumb"},"inLanguage":"en-US","potentialAction":[{"@type":"ReadAction","target":["https:\/\/tobywallet.fr\/contact\/"]}]},{"@type":"ImageObject","inLanguage":"en-US","@id":"https:\/\/tobywallet.fr\/contact\/#primaryimage","url":"https:\/\/tobywallet.fr\/wp-content\/uploads\/2024\/09\/enveloppe-9-1.png","contentUrl":"https:\/\/tobywallet.fr\/wp-content\/uploads\/2024\/09\/enveloppe-9-1.png"},{"@type":"BreadcrumbList","@id":"https:\/\/tobywallet.fr\/contact\/#breadcrumb","itemListElement":[{"@type":"ListItem","position":1,"name":"Accueil","item":"https:\/\/tobywallet.fr\/"},{"@type":"ListItem","position":2,"name":"Contact"}]},{"@type":"WebSite","@id":"https:\/\/tobywallet.fr\/#website","url":"https:\/\/tobywallet.fr\/","name":"Toby Wallet","description":"","potentialAction":[{"@type":"SearchAction","target":{"@type":"EntryPoint","urlTemplate":"https:\/\/tobywallet.fr\/?s={search_term_string}"},"query-input":{"@type":"PropertyValueSpecification","valueRequired":true,"valueName":"search_term_string"}}],"inLanguage":"en-US"}]}},"_links":{"self":[{"href":"https:\/\/tobywallet.fr\/en\/wp-json\/wp\/v2\/pages\/31","targetHints":{"allow":["GET"]}}],"collection":[{"href":"https:\/\/tobywallet.fr\/en\/wp-json\/wp\/v2\/pages"}],"about":[{"href":"https:\/\/tobywallet.fr\/en\/wp-json\/wp\/v2\/types\/page"}],"author":[{"embeddable":true,"href":"https:\/\/tobywallet.fr\/en\/wp-json\/wp\/v2\/users\/15"}],"replies":[{"embeddable":true,"href":"https:\/\/tobywallet.fr\/en\/wp-json\/wp\/v2\/comments?post=31"}],"version-history":[{"count":0,"href":"https:\/\/tobywallet.fr\/en\/wp-json\/wp\/v2\/pages\/31\/revisions"}],"wp:attachment":[{"href":"https:\/\/tobywallet.fr\/en\/wp-json\/wp\/v2\/media?parent=31"}],"curies":[{"name":"wp","href":"https:\/\/api.w.org\/{rel}","templated":true}]}}