{"id":29,"date":"2024-09-06T10:05:25","date_gmt":"2024-09-06T08:05:25","guid":{"rendered":"https:\/\/front.tobywallet.fr\/?page_id=29"},"modified":"2024-10-10T17:03:35","modified_gmt":"2024-10-10T15:03:35","slug":"enjeux","status":"publish","type":"page","link":"https:\/\/tobywallet.fr\/en\/enjeux\/","title":{"rendered":"Challenges"},"content":{"rendered":"<div data-elementor-type=\"wp-page\" data-elementor-id=\"29\" class=\"elementor elementor-29\" data-elementor-post-type=\"page\">\n\t\t\t\t<div class=\"elementor-element elementor-element-85f7e6b e-flex e-con-boxed wpr-particle-no wpr-jarallax-no wpr-parallax-no wpr-sticky-section-no e-con e-parent\" data-id=\"85f7e6b\" data-element_type=\"container\" data-settings=\"{&quot;background_background&quot;:&quot;classic&quot;}\">\n\t\t\t\t\t<div class=\"e-con-inner\">\n\t\t<div class=\"elementor-element elementor-element-9b0fb3a e-con-full e-flex wpr-particle-no wpr-jarallax-no wpr-parallax-no wpr-sticky-section-no e-con e-child\" data-id=\"9b0fb3a\" data-element_type=\"container\">\n\t\t<div class=\"elementor-element elementor-element-25063e7 e-con-full e-flex wpr-particle-no wpr-jarallax-no wpr-parallax-no wpr-sticky-section-no e-con e-child\" data-id=\"25063e7\" data-element_type=\"container\">\n\t\t\t\t<div class=\"elementor-element elementor-element-c1a918f elementor-widget elementor-widget-heading\" data-id=\"c1a918f\" data-element_type=\"widget\" data-widget_type=\"heading.default\">\n\t\t\t\t<div class=\"elementor-widget-container\">\n\t\t\t\t\t<h2 class=\"elementor-heading-title elementor-size-default\">Toby Wallet, Your Eco-Friendly Partner<\/h2>\t\t\t\t<\/div>\n\t\t\t\t<\/div>\n\t\t\t\t<\/div>\n\t\t<div class=\"elementor-element elementor-element-fb01623 e-con-full e-flex wpr-particle-no wpr-jarallax-no wpr-parallax-no wpr-sticky-section-no e-con e-child\" data-id=\"fb01623\" data-element_type=\"container\">\n\t\t\t\t<div class=\"elementor-element elementor-element-ed2b9da elementor-widget elementor-widget-text-editor\" data-id=\"ed2b9da\" data-element_type=\"widget\" data-widget_type=\"text-editor.default\">\n\t\t\t\t<div class=\"elementor-widget-container\">\n\t\t\t\t\t\t\t\t\tAt Toby Wallet, we firmly believe that innovation must go hand in hand with environmental responsibility.\t\t\t\t\t\t\t\t<\/div>\n\t\t\t\t<\/div>\n\t\t\t\t<\/div>\n\t\t\t\t<\/div>\n\t\t<div class=\"elementor-element elementor-element-346f644 e-con-full e-flex wpr-particle-no wpr-jarallax-no wpr-parallax-no wpr-sticky-section-no e-con e-child\" data-id=\"346f644\" data-element_type=\"container\">\n\t\t\t\t<div class=\"elementor-element elementor-element-db53c20 elementor-widget__width-initial elementor-widget elementor-widget-heading\" data-id=\"db53c20\" data-element_type=\"widget\" data-widget_type=\"heading.default\">\n\t\t\t\t<div class=\"elementor-widget-container\">\n\t\t\t\t\t<h2 class=\"elementor-heading-title elementor-size-default\">An Eco-Friendly Model<\/h2>\t\t\t\t<\/div>\n\t\t\t\t<\/div>\n\t\t\t\t<div class=\"elementor-element elementor-element-e54a141 elementor-widget__width-initial elementor-widget elementor-widget-text-editor\" data-id=\"e54a141\" data-element_type=\"widget\" data-widget_type=\"text-editor.default\">\n\t\t\t\t<div class=\"elementor-widget-container\">\n\t\t\t\t\t\t\t\t\tToby Wallet was designed not only to optimize the way you manage your business, but also to help reduce your environmental footprint.\t\t\t\t\t\t\t\t<\/div>\n\t\t\t\t<\/div>\n\t\t\t\t<\/div>\n\t\t<div class=\"elementor-element elementor-element-1d48504 e-con-full e-flex wpr-particle-no wpr-jarallax-no wpr-parallax-no wpr-sticky-section-no e-con e-child\" data-id=\"1d48504\" data-element_type=\"container\">\n\t\t<div class=\"elementor-element elementor-element-19e9bbc e-con-full e-flex wpr-particle-no wpr-jarallax-no wpr-parallax-no wpr-sticky-section-no e-con e-child\" data-id=\"19e9bbc\" data-element_type=\"container\">\n\t\t\t\t<div class=\"elementor-element elementor-element-543770a elementor-widget elementor-widget-text-editor\" data-id=\"543770a\" data-element_type=\"widget\" data-widget_type=\"text-editor.default\">\n\t\t\t\t<div class=\"elementor-widget-container\">\n\t\t\t\t\t\t\t\t\t<p>It\u2019s no secret: the COVID-19 crisis significantly accelerated digital transformation.\n Between remote work, online sales, and widespread digital adoption, one big question remains:\n What is the environmental impact of all this digital activity?<\/p><p>In 2021, the digital sector accounted for 3 to 4% of global greenhouse gas emissions, which is twice as much as the aviation industry.<\/p><p>This excessive energy consumption has become a major concern on a global scale.\nTo combat this \"digital pollution\", Toby Wallet has implemented simple yet impactful measures:<\/p>\t\t\t\t\t\t\t\t<\/div>\n\t\t\t\t<\/div>\n\t\t\t\t<\/div>\n\t\t<div class=\"elementor-element elementor-element-e9283f4 e-con-full e-flex wpr-particle-no wpr-jarallax-no wpr-parallax-no wpr-sticky-section-no e-con e-child\" data-id=\"e9283f4\" data-element_type=\"container\">\n\t\t<div class=\"elementor-element elementor-element-969b8a5 e-con-full e-flex wpr-particle-no wpr-jarallax-no wpr-parallax-no wpr-sticky-section-no e-con e-child\" data-id=\"969b8a5\" data-element_type=\"container\">\n\t\t<div class=\"elementor-element elementor-element-16d34ad e-con-full e-flex wpr-particle-no wpr-jarallax-no wpr-parallax-no wpr-sticky-section-no e-con e-child\" data-id=\"16d34ad\" data-element_type=\"container\" data-settings=\"{&quot;background_background&quot;:&quot;classic&quot;,&quot;background_motion_fx_motion_fx_scrolling&quot;:&quot;yes&quot;,&quot;background_motion_fx_translateY_effect&quot;:&quot;yes&quot;,&quot;background_motion_fx_translateY_speed&quot;:{&quot;unit&quot;:&quot;px&quot;,&quot;size&quot;:2,&quot;sizes&quot;:[]},&quot;background_motion_fx_translateY_affectedRange&quot;:{&quot;unit&quot;:&quot;%&quot;,&quot;size&quot;:&quot;&quot;,&quot;sizes&quot;:{&quot;start&quot;:0,&quot;end&quot;:100}},&quot;background_motion_fx_devices&quot;:[&quot;widescreen&quot;,&quot;desktop&quot;,&quot;laptop&quot;,&quot;tablet_extra&quot;,&quot;tablet&quot;,&quot;mobile_extra&quot;,&quot;mobile&quot;]}\">\n\t\t\t\t<\/div>\n\t\t<div class=\"elementor-element elementor-element-65da9bc e-con-full bloc_hover e-flex wpr-particle-no wpr-jarallax-no wpr-parallax-no wpr-sticky-section-no elementor-invisible e-con e-child\" data-id=\"65da9bc\" data-element_type=\"container\" data-settings=\"{&quot;background_background&quot;:&quot;classic&quot;,&quot;animation&quot;:&quot;slideInRight&quot;,&quot;animation_delay&quot;:1000}\">\n\t\t\t\t<div class=\"elementor-element elementor-element-aecd01b elementor-widget elementor-widget-text-editor\" data-id=\"aecd01b\" data-element_type=\"widget\" data-widget_type=\"text-editor.default\">\n\t\t\t\t<div class=\"elementor-widget-container\">\n\t\t\t\t\t\t\t\t\t<p>Attachments in messages are shared directly through the platform, avoiding email overload<\/p>\t\t\t\t\t\t\t\t<\/div>\n\t\t\t\t<\/div>\n\t\t\t\t<\/div>\n\t\t\t\t<\/div>\n\t\t<div class=\"elementor-element elementor-element-0c8d198 e-con-full e-flex wpr-particle-no wpr-jarallax-no wpr-parallax-no wpr-sticky-section-no e-con e-child\" data-id=\"0c8d198\" data-element_type=\"container\">\n\t\t<div class=\"elementor-element elementor-element-f609a0a e-con-full e-flex wpr-particle-no wpr-jarallax-no wpr-parallax-no wpr-sticky-section-no e-con e-child\" data-id=\"f609a0a\" data-element_type=\"container\" data-settings=\"{&quot;background_background&quot;:&quot;classic&quot;}\">\n\t\t\t\t<\/div>\n\t\t<div class=\"elementor-element elementor-element-249be9b e-con-full bloc_hover e-flex wpr-particle-no wpr-jarallax-no wpr-parallax-no wpr-sticky-section-no elementor-invisible e-con e-child\" data-id=\"249be9b\" data-element_type=\"container\" data-settings=\"{&quot;background_background&quot;:&quot;classic&quot;,&quot;animation&quot;:&quot;slideInRight&quot;,&quot;animation_delay&quot;:2000}\">\n\t\t\t\t<div class=\"elementor-element elementor-element-dddf4c1 elementor-widget elementor-widget-text-editor\" data-id=\"dddf4c1\" data-element_type=\"widget\" data-widget_type=\"text-editor.default\">\n\t\t\t\t<div class=\"elementor-widget-container\">\n\t\t\t\t\t\t\t\t\t<p>The platform automatically sorts and filters messages to reduce storage waste<\/p>\t\t\t\t\t\t\t\t<\/div>\n\t\t\t\t<\/div>\n\t\t\t\t<\/div>\n\t\t\t\t<\/div>\n\t\t<div class=\"elementor-element elementor-element-83b73cf e-con-full e-flex wpr-particle-no wpr-jarallax-no wpr-parallax-no wpr-sticky-section-no e-con e-child\" data-id=\"83b73cf\" data-element_type=\"container\">\n\t\t<div class=\"elementor-element elementor-element-5d210e0 e-con-full e-flex wpr-particle-no wpr-jarallax-no wpr-parallax-no wpr-sticky-section-no e-con e-child\" data-id=\"5d210e0\" data-element_type=\"container\">\n\t\t\t\t<\/div>\n\t\t<div class=\"elementor-element elementor-element-16b3e39 e-con-full bloc_hover e-flex wpr-particle-no wpr-jarallax-no wpr-parallax-no wpr-sticky-section-no elementor-invisible e-con e-child\" data-id=\"16b3e39\" data-element_type=\"container\" data-settings=\"{&quot;background_background&quot;:&quot;classic&quot;,&quot;animation&quot;:&quot;slideInRight&quot;,&quot;animation_delay&quot;:2500}\">\n\t\t\t\t<div class=\"elementor-element elementor-element-fe850d6 elementor-widget elementor-widget-text-editor\" data-id=\"fe850d6\" data-element_type=\"widget\" data-widget_type=\"text-editor.default\">\n\t\t\t\t<div class=\"elementor-widget-container\">\n\t\t\t\t\t\t\t\t\t<p>All loyalty and payment cards are fully digitalized<\/p>\t\t\t\t\t\t\t\t<\/div>\n\t\t\t\t<\/div>\n\t\t\t\t<\/div>\n\t\t\t\t<\/div>\n\t\t<div class=\"elementor-element elementor-element-077877d e-con-full e-flex wpr-particle-no wpr-jarallax-no wpr-parallax-no wpr-sticky-section-no e-con e-child\" data-id=\"077877d\" data-element_type=\"container\">\n\t\t<div class=\"elementor-element elementor-element-c41bb27 e-con-full e-flex wpr-particle-no wpr-jarallax-no wpr-parallax-no wpr-sticky-section-no e-con e-child\" data-id=\"c41bb27\" data-element_type=\"container\" data-settings=\"{&quot;background_background&quot;:&quot;classic&quot;,&quot;background_motion_fx_motion_fx_scrolling&quot;:&quot;yes&quot;,&quot;background_motion_fx_translateY_effect&quot;:&quot;yes&quot;,&quot;background_motion_fx_translateY_speed&quot;:{&quot;unit&quot;:&quot;px&quot;,&quot;size&quot;:4,&quot;sizes&quot;:[]},&quot;background_motion_fx_translateY_affectedRange&quot;:{&quot;unit&quot;:&quot;%&quot;,&quot;size&quot;:&quot;&quot;,&quot;sizes&quot;:{&quot;start&quot;:0,&quot;end&quot;:100}},&quot;background_motion_fx_devices&quot;:[&quot;widescreen&quot;,&quot;desktop&quot;,&quot;laptop&quot;,&quot;tablet_extra&quot;,&quot;tablet&quot;,&quot;mobile_extra&quot;,&quot;mobile&quot;]}\">\n\t\t\t\t<\/div>\n\t\t<div class=\"elementor-element elementor-element-de8f423 e-con-full bloc_hover e-flex wpr-particle-no wpr-jarallax-no wpr-parallax-no wpr-sticky-section-no elementor-invisible e-con e-child\" data-id=\"de8f423\" data-element_type=\"container\" data-settings=\"{&quot;background_background&quot;:&quot;classic&quot;,&quot;animation&quot;:&quot;slideInRight&quot;,&quot;animation_delay&quot;:3000}\">\n\t\t\t\t<div class=\"elementor-element elementor-element-09cf082 elementor-widget elementor-widget-text-editor\" data-id=\"09cf082\" data-element_type=\"widget\" data-widget_type=\"text-editor.default\">\n\t\t\t\t<div class=\"elementor-widget-container\">\n\t\t\t\t\t\t\t\t\t<p>Receipts and invoices are entirely paperless<\/p>\t\t\t\t\t\t\t\t<\/div>\n\t\t\t\t<\/div>\n\t\t\t\t<\/div>\n\t\t\t\t<\/div>\n\t\t<div class=\"elementor-element elementor-element-e99b7c7 e-con-full e-flex wpr-particle-no wpr-jarallax-no wpr-parallax-no wpr-sticky-section-no e-con e-child\" data-id=\"e99b7c7\" data-element_type=\"container\">\n\t\t<div class=\"elementor-element elementor-element-026a11c e-con-full e-flex wpr-particle-no wpr-jarallax-no wpr-parallax-no wpr-sticky-section-no e-con e-child\" data-id=\"026a11c\" data-element_type=\"container\">\n\t\t\t\t<\/div>\n\t\t<div class=\"elementor-element elementor-element-ca0f424 e-con-full bloc_hover e-flex wpr-particle-no wpr-jarallax-no wpr-parallax-no wpr-sticky-section-no elementor-invisible e-con e-child\" data-id=\"ca0f424\" data-element_type=\"container\" data-settings=\"{&quot;background_background&quot;:&quot;classic&quot;,&quot;animation&quot;:&quot;slideInRight&quot;,&quot;animation_delay&quot;:1500}\">\n\t\t\t\t<div class=\"elementor-element elementor-element-1a1bb1a elementor-widget elementor-widget-text-editor\" data-id=\"1a1bb1a\" data-element_type=\"widget\" data-widget_type=\"text-editor.default\">\n\t\t\t\t<div class=\"elementor-widget-container\">\n\t\t\t\t\t\t\t\t\t<p>No unnecessary printing or waste production \u2014 all documents are handled digitally<\/p>\t\t\t\t\t\t\t\t<\/div>\n\t\t\t\t<\/div>\n\t\t\t\t<\/div>\n\t\t\t\t<\/div>\n\t\t\t\t<\/div>\n\t\t\t\t<\/div>\n\t\t\t\t\t<\/div>\n\t\t\t\t<\/div>\n\t\t<div class=\"elementor-element elementor-element-5f973e2 e-flex e-con-boxed wpr-particle-no wpr-jarallax-no wpr-parallax-no wpr-sticky-section-no e-con e-parent\" data-id=\"5f973e2\" data-element_type=\"container\" data-settings=\"{&quot;background_background&quot;:&quot;classic&quot;}\">\n\t\t\t\t\t<div class=\"e-con-inner\">\n\t\t<div class=\"elementor-element elementor-element-56657de e-con-full e-flex wpr-particle-no wpr-jarallax-no wpr-parallax-no wpr-sticky-section-no e-con e-child\" data-id=\"56657de\" data-element_type=\"container\">\n\t\t\t\t<div class=\"elementor-element elementor-element-8073622 elementor-widget elementor-widget-heading\" data-id=\"8073622\" data-element_type=\"widget\" data-widget_type=\"heading.default\">\n\t\t\t\t<div class=\"elementor-widget-container\">\n\t\t\t\t\t<h2 class=\"elementor-heading-title elementor-size-default\">Want to get in touch quickly?<\/h2>\t\t\t\t<\/div>\n\t\t\t\t<\/div>\n\t\t\t\t<div class=\"elementor-element elementor-element-03fbd3a elementor-widget elementor-widget-text-editor\" data-id=\"03fbd3a\" data-element_type=\"widget\" data-widget_type=\"text-editor.default\">\n\t\t\t\t<div class=\"elementor-widget-container\">\n\t\t\t\t\t\t\t\t\tSi vous souhaitez simplement en savoir plus sur Toby Wallet, n\u2019h\u00e9sitez pas \u00e0 demander un rendez-vous ou \u00e0 nous laisser\nun petit message. Nous vous ferons une joie de vous\ncontacter dans les plus brefs d\u00e9lais !\t\t\t\t\t\t\t\t<\/div>\n\t\t\t\t<\/div>\n\t\t\t\t<div class=\"elementor-element elementor-element-8dbd6e1 elementor-widget elementor-widget-button\" data-id=\"8dbd6e1\" data-element_type=\"widget\" data-widget_type=\"button.default\">\n\t\t\t\t<div class=\"elementor-widget-container\">\n\t\t\t\t\t\t\t\t\t<div class=\"elementor-button-wrapper\">\n\t\t\t\t\t<a class=\"elementor-button elementor-button-link elementor-size-sm elementor-animation-grow\" href=\"https:\/\/tobywallet.fr\/en\/contact\/\">\n\t\t\t\t\t\t<span class=\"elementor-button-content-wrapper\">\n\t\t\t\t\t\t\t\t\t<span class=\"elementor-button-text\">Get in touch now<\/span>\n\t\t\t\t\t<\/span>\n\t\t\t\t\t<\/a>\n\t\t\t\t<\/div>\n\t\t\t\t\t\t\t\t<\/div>\n\t\t\t\t<\/div>\n\t\t\t\t<\/div>\n\t\t<div class=\"elementor-element elementor-element-490d838 e-con-full e-flex wpr-particle-no wpr-jarallax-no wpr-parallax-no wpr-sticky-section-no e-con e-child\" data-id=\"490d838\" data-element_type=\"container\">\n\t\t\t\t<\/div>\n\t\t\t\t\t<\/div>\n\t\t\t\t<\/div>\n\t\t\t\t<\/div>","protected":false},"excerpt":{"rendered":"<p>Toby wallet, votre partenaire \u00e9co-responsable chez toby wallet, nous croyons fermement que l\u2019innovation va de pair avec la responsabilit\u00e9 environnementale. Un mod\u00e8le eco friendly Toby Wallet a \u00e9t\u00e9 con\u00e7u non seulement pour optimiser la gestion de votre commerce, mais aussi pour r\u00e9duire votre empreinte \u00e9cologique. Ce n\u2019est pas nouveau, et ce n\u2019est plus un secret, la crise sanitaire a consid\u00e9rablement acc\u00e9l\u00e9r\u00e9 la transformation num\u00e9rique, et ce, depuis quelques ann\u00e9es maintenant. Sauf que, voil\u00e0, dans cette digitalisation des ventes, dans la mise en place du t\u00e9l\u00e9travail pour la salari\u00e9s et dans cette transition num\u00e9rique, une question se pose : quelles sont les cons\u00e9quences du digital au niveau environnemental ? En 2021, le digital repr\u00e9sentait entre 3 et 4% des \u00e9missions de gaz \u00e0 effet de serre, soit 2 fois plus que le transport a\u00e9rien. Cette consommation, beaucoup trop importante, a \u00e9t\u00e9 l\u2019un des principaux enjeux au niveau plan\u00e9taire. Afin de lutter contre cette \u00ab pollution num\u00e9rique \u00bb, Toby Wallet a opt\u00e9 pour des actions simples, mais efficaces : Dans la messagerie, les pi\u00e8ces jointes se font \u00e0 travers la plateforme elle-m\u00eame, et non par mail La plateforme fait automatiquement le tri dans ses messages Toutes les cartes utilis\u00e9es par la plateforme sont d\u00e9mat\u00e9rialis\u00e9es Les re\u00e7us et les factures sont enti\u00e8rement num\u00e9ris\u00e9es \u00c9viter la production de d\u00e9chets et d\u2019impression d\u2019une quantit\u00e9 de fichiers Une prise de contact rapide ? Si vous souhaitez simplement en savoir plus sur Toby Wallet, n\u2019h\u00e9sitez pas \u00e0 demander un rendez-vous ou \u00e0 nous laisser un petit message. Nous vous ferons une joie de vous contacter dans les plus brefs d\u00e9lais ! Contacter nous maintenant<\/p>","protected":false},"author":15,"featured_media":0,"parent":0,"menu_order":0,"comment_status":"closed","ping_status":"closed","template":"","meta":{"footnotes":""},"class_list":["post-29","page","type-page","status-publish","hentry"],"yoast_head":"<!-- This site is optimized with the Yoast SEO plugin v25.8 - https:\/\/yoast.com\/wordpress\/plugins\/seo\/ -->\n<title>Toby Wallet - Une programme de fid\u00e9lit\u00e9 responsable et engag\u00e9e<\/title>\n<meta name=\"description\" content=\"Adoptez une approche \u00e9coresponsable avec Toby Wallet ! Notre solution innovante de fid\u00e9lisation vous aide \u00e0 r\u00e9pondre aux pr\u00e9occupations environnementales de vos clients tout en simplifiant la gestion de votre programme de fid\u00e9lit\u00e9.\" \/>\n<meta name=\"robots\" content=\"index, follow, max-snippet:-1, max-image-preview:large, max-video-preview:-1\" \/>\n<link rel=\"canonical\" href=\"https:\/\/tobywallet.fr\/en\/enjeux\/\" \/>\n<meta property=\"og:locale\" content=\"en_US\" \/>\n<meta property=\"og:type\" content=\"article\" \/>\n<meta property=\"og:title\" content=\"Toby Wallet - Une programme de fid\u00e9lit\u00e9 responsable et engag\u00e9e\" \/>\n<meta property=\"og:description\" content=\"Adoptez une approche \u00e9coresponsable avec Toby Wallet ! Notre solution innovante de fid\u00e9lisation vous aide \u00e0 r\u00e9pondre aux pr\u00e9occupations environnementales de vos clients tout en simplifiant la gestion de votre programme de fid\u00e9lit\u00e9.\" \/>\n<meta property=\"og:url\" content=\"https:\/\/tobywallet.fr\/en\/enjeux\/\" \/>\n<meta property=\"og:site_name\" content=\"Toby Wallet\" \/>\n<meta property=\"article:modified_time\" content=\"2024-10-10T15:03:35+00:00\" \/>\n<meta name=\"twitter:card\" content=\"summary_large_image\" \/>\n<meta name=\"twitter:label1\" content=\"Est. reading time\" \/>\n\t<meta name=\"twitter:data1\" content=\"2 minutes\" \/>\n<script type=\"application\/ld+json\" class=\"yoast-schema-graph\">{\"@context\":\"https:\/\/schema.org\",\"@graph\":[{\"@type\":\"WebPage\",\"@id\":\"https:\/\/tobywallet.fr\/enjeux\/\",\"url\":\"https:\/\/tobywallet.fr\/enjeux\/\",\"name\":\"Toby Wallet - Une programme de fid\u00e9lit\u00e9 responsable et engag\u00e9e\",\"isPartOf\":{\"@id\":\"https:\/\/tobywallet.fr\/#website\"},\"datePublished\":\"2024-09-06T08:05:25+00:00\",\"dateModified\":\"2024-10-10T15:03:35+00:00\",\"description\":\"Adoptez une approche \u00e9coresponsable avec Toby Wallet ! Notre solution innovante de fid\u00e9lisation vous aide \u00e0 r\u00e9pondre aux pr\u00e9occupations environnementales de vos clients tout en simplifiant la gestion de votre programme de fid\u00e9lit\u00e9.\",\"breadcrumb\":{\"@id\":\"https:\/\/tobywallet.fr\/enjeux\/#breadcrumb\"},\"inLanguage\":\"en-US\",\"potentialAction\":[{\"@type\":\"ReadAction\",\"target\":[\"https:\/\/tobywallet.fr\/enjeux\/\"]}]},{\"@type\":\"BreadcrumbList\",\"@id\":\"https:\/\/tobywallet.fr\/enjeux\/#breadcrumb\",\"itemListElement\":[{\"@type\":\"ListItem\",\"position\":1,\"name\":\"Accueil\",\"item\":\"https:\/\/tobywallet.fr\/\"},{\"@type\":\"ListItem\",\"position\":2,\"name\":\"Enjeux\"}]},{\"@type\":\"WebSite\",\"@id\":\"https:\/\/tobywallet.fr\/#website\",\"url\":\"https:\/\/tobywallet.fr\/\",\"name\":\"Toby Wallet\",\"description\":\"\",\"potentialAction\":[{\"@type\":\"SearchAction\",\"target\":{\"@type\":\"EntryPoint\",\"urlTemplate\":\"https:\/\/tobywallet.fr\/?s={search_term_string}\"},\"query-input\":{\"@type\":\"PropertyValueSpecification\",\"valueRequired\":true,\"valueName\":\"search_term_string\"}}],\"inLanguage\":\"en-US\"}]}<\/script>\n<!-- \/ Yoast SEO plugin. -->","yoast_head_json":{"title":"Toby Wallet - Une programme de fid\u00e9lit\u00e9 responsable et engag\u00e9e","description":"Adoptez une approche \u00e9coresponsable avec Toby Wallet ! Notre solution innovante de fid\u00e9lisation vous aide \u00e0 r\u00e9pondre aux pr\u00e9occupations environnementales de vos clients tout en simplifiant la gestion de votre programme de fid\u00e9lit\u00e9.","robots":{"index":"index","follow":"follow","max-snippet":"max-snippet:-1","max-image-preview":"max-image-preview:large","max-video-preview":"max-video-preview:-1"},"canonical":"https:\/\/tobywallet.fr\/en\/enjeux\/","og_locale":"en_US","og_type":"article","og_title":"Toby Wallet - Une programme de fid\u00e9lit\u00e9 responsable et engag\u00e9e","og_description":"Adoptez une approche \u00e9coresponsable avec Toby Wallet ! Notre solution innovante de fid\u00e9lisation vous aide \u00e0 r\u00e9pondre aux pr\u00e9occupations environnementales de vos clients tout en simplifiant la gestion de votre programme de fid\u00e9lit\u00e9.","og_url":"https:\/\/tobywallet.fr\/en\/enjeux\/","og_site_name":"Toby Wallet","article_modified_time":"2024-10-10T15:03:35+00:00","twitter_card":"summary_large_image","twitter_misc":{"Est. reading time":"2 minutes"},"schema":{"@context":"https:\/\/schema.org","@graph":[{"@type":"WebPage","@id":"https:\/\/tobywallet.fr\/enjeux\/","url":"https:\/\/tobywallet.fr\/enjeux\/","name":"Toby Wallet - Une programme de fid\u00e9lit\u00e9 responsable et engag\u00e9e","isPartOf":{"@id":"https:\/\/tobywallet.fr\/#website"},"datePublished":"2024-09-06T08:05:25+00:00","dateModified":"2024-10-10T15:03:35+00:00","description":"Adoptez une approche \u00e9coresponsable avec Toby Wallet ! Notre solution innovante de fid\u00e9lisation vous aide \u00e0 r\u00e9pondre aux pr\u00e9occupations environnementales de vos clients tout en simplifiant la gestion de votre programme de fid\u00e9lit\u00e9.","breadcrumb":{"@id":"https:\/\/tobywallet.fr\/enjeux\/#breadcrumb"},"inLanguage":"en-US","potentialAction":[{"@type":"ReadAction","target":["https:\/\/tobywallet.fr\/enjeux\/"]}]},{"@type":"BreadcrumbList","@id":"https:\/\/tobywallet.fr\/enjeux\/#breadcrumb","itemListElement":[{"@type":"ListItem","position":1,"name":"Accueil","item":"https:\/\/tobywallet.fr\/"},{"@type":"ListItem","position":2,"name":"Enjeux"}]},{"@type":"WebSite","@id":"https:\/\/tobywallet.fr\/#website","url":"https:\/\/tobywallet.fr\/","name":"Toby Wallet","description":"","potentialAction":[{"@type":"SearchAction","target":{"@type":"EntryPoint","urlTemplate":"https:\/\/tobywallet.fr\/?s={search_term_string}"},"query-input":{"@type":"PropertyValueSpecification","valueRequired":true,"valueName":"search_term_string"}}],"inLanguage":"en-US"}]}},"_links":{"self":[{"href":"https:\/\/tobywallet.fr\/en\/wp-json\/wp\/v2\/pages\/29","targetHints":{"allow":["GET"]}}],"collection":[{"href":"https:\/\/tobywallet.fr\/en\/wp-json\/wp\/v2\/pages"}],"about":[{"href":"https:\/\/tobywallet.fr\/en\/wp-json\/wp\/v2\/types\/page"}],"author":[{"embeddable":true,"href":"https:\/\/tobywallet.fr\/en\/wp-json\/wp\/v2\/users\/15"}],"replies":[{"embeddable":true,"href":"https:\/\/tobywallet.fr\/en\/wp-json\/wp\/v2\/comments?post=29"}],"version-history":[{"count":0,"href":"https:\/\/tobywallet.fr\/en\/wp-json\/wp\/v2\/pages\/29\/revisions"}],"wp:attachment":[{"href":"https:\/\/tobywallet.fr\/en\/wp-json\/wp\/v2\/media?parent=29"}],"curies":[{"name":"wp","href":"https:\/\/api.w.org\/{rel}","templated":true}]}}